{"id":9588,"date":"2021-06-25T10:36:51","date_gmt":"2021-06-25T08:36:51","guid":{"rendered":"https:\/\/www.cs-lab.it\/?page_id=9588\/"},"modified":"2021-09-08T09:38:47","modified_gmt":"2021-09-08T07:38:47","slug":"ambiente","status":"publish","type":"page","link":"https:\/\/www.cs-lab.it\/it\/ambiente\/","title":{"rendered":"Ambiente"},"content":{"rendered":"[vc_row type=&#8221;full_width_background&#8221; full_screen_row_position=&#8221;middle&#8221; scene_position=&#8221;center&#8221; text_color=&#8221;dark&#8221; text_align=&#8221;left&#8221; top_padding=&#8221;40&#8243; bottom_padding=&#8221;40&#8243; id=&#8221;schiuma2&#8243; overlay_strength=&#8221;0.3&#8243;][vc_column column_padding=&#8221;no-extra-padding&#8221; column_padding_position=&#8221;all&#8221; background_color_opacity=&#8221;1&#8243; background_hover_color_opacity=&#8221;1&#8243; width=&#8221;1\/1&#8243; tablet_text_alignment=&#8221;default&#8221; phone_text_alignment=&#8221;default&#8221;][vc_column_text]\n<h2>La salvaguardia dell\u2019ambiente \u00e8 un tema molto caro a CS<\/h2>\n<p>In veste di produttore di componenti in schiumato flessibile, gel poliuretanico e poliuretano integrale autopellante, CS \u00e8 consapevole delle problematiche ambientali legate alla produzione e al fine vita di manufatti realizzati con questi polimeri sintetici. Al momento non esistono materiali &#8211; sintetici o naturali &#8211; capaci di sostituire a livello economico e con paragonabili prestazioni, caratteristiche fisico-meccaniche, di comfort e versatilit\u00e0 stilistica e materica, i polimeri poliuretanici attualmente impiegati. CS si sta tuttavia impegnando su pi\u00f9 fronti per confermare il suo impegno nella rivoluzione ambientale e industriale che da anni \u00e8 in atto a livello globale. L\u2019azienda vuole condividere con clienti, fornitori, collaboratori e partner aziendali alcune strategie di politica ambientale comunicando le azioni da essa intraprese. \u00c8 infatti consapevole che, proprio dalla condivisione delle informazioni, \u00e8 possibile far nascere nuove idee, collaborazioni virtuose e soluzioni a medio-lungo termine.[\/vc_column_text][\/vc_column][\/vc_row][vc_row type=&#8221;full_width_background&#8221; full_screen_row_position=&#8221;middle&#8221; scene_position=&#8221;center&#8221; text_color=&#8221;dark&#8221; text_align=&#8221;left&#8221; top_padding=&#8221;40&#8243; bottom_padding=&#8221;40&#8243; id=&#8221;schiuma&#8221; overlay_strength=&#8221;0.3&#8243;][vc_column column_padding=&#8221;no-extra-padding&#8221; column_padding_position=&#8221;left-right&#8221; background_color_opacity=&#8221;1&#8243; background_hover_color_opacity=&#8221;1&#8243; width=&#8221;1\/1&#8243; tablet_text_alignment=&#8221;default&#8221; phone_text_alignment=&#8221;default&#8221;][vc_column_text]\n<h2>Produzione di schiuma poliuretanica di seconda generazione<\/h2>\n<p>CS sta indagando e sperimentando varie soluzioni per finalizzare progetti di eco-sostenibilit\u00e0 volti alla riduzione dell\u2019utilizzo di fonti fossili nella produzione di manufatti in poliuretano:[\/vc_column_text][vc_row_inner top_padding=&#8221;30&#8243; text_align=&#8221;left&#8221;][vc_column_inner column_padding=&#8221;no-extra-padding&#8221; column_padding_position=&#8221;all&#8221; background_color_opacity=&#8221;1&#8243; width=&#8221;1\/2&#8243;][vc_column_text]\n<div class=\"number\">1<\/div>\n<p>Ha avviato una collaborazione con un primario fornitore di materie prime con il quale sta sperimentando un nuovo formulato. Questo formulato prevede l\u2019utilizzo di un componente prodotto con una percentuale di oli vegetali che riduce notevolmente il contenuto chimico derivante da fonti fossili nei manufatti in schiuma flessibile.[\/vc_column_text][\/vc_column_inner][vc_column_inner column_padding=&#8221;no-extra-padding&#8221; column_padding_position=&#8221;all&#8221; background_color_opacity=&#8221;1&#8243; width=&#8221;1\/2&#8243;][vc_column_text]\n<div class=\"number\">2<\/div>\n<p>Nei prossimi anni verranno sviluppati materiali con contenuto ancora maggiore di olii vegetali, riducendo ulteriormente l\u2019impronta fossile nei manufatti.[\/vc_column_text][\/vc_column_inner][\/vc_row_inner][vc_row_inner text_align=&#8221;left&#8221;][vc_column_inner column_padding=&#8221;no-extra-padding&#8221; column_padding_position=&#8221;all&#8221; background_color_opacity=&#8221;1&#8243; width=&#8221;1\/1&#8243;][vc_column_text]\n<div class=\"number\">3<\/div>\n<p>CS \u00e8 partner di Dow Chemicals, azienda multinazionale che ha da poco lanciato il programma RENUVA<sup>TM<\/sup> e che rappresenta un importante esempio Europeo di economia circolare. Con il programma RENUVA<sup>TM<\/sup>, milioni di vecchi materassi in poliuretano vengono sottratti dalle discariche e riconvertiti in uno dei componenti principali del prodotto finito. Non appena saranno disponibili per l\u2019area e per l\u2019applicazione in oggetto, CS avvier\u00e0 una produzione sperimentale di manufatti realizzati da poliolo riciclato RENUVA<sup>TM<\/sup>.[\/vc_column_text][\/vc_column_inner][\/vc_row_inner][\/vc_column][\/vc_row][vc_row type=&#8221;full_width_background&#8221; full_screen_row_position=&#8221;middle&#8221; scene_position=&#8221;center&#8221; text_color=&#8221;dark&#8221; text_align=&#8221;left&#8221; top_padding=&#8221;40&#8243; bottom_padding=&#8221;40&#8243; id=&#8221;schiuma2&#8243; overlay_strength=&#8221;0.3&#8243;][vc_column column_padding=&#8221;no-extra-padding&#8221; column_padding_position=&#8221;all&#8221; background_color_opacity=&#8221;1&#8243; background_hover_color_opacity=&#8221;1&#8243; width=&#8221;1\/1&#8243; tablet_text_alignment=&#8221;default&#8221; phone_text_alignment=&#8221;default&#8221;][vc_column_text]\n<h2>Produzione di manufatti ad alto contenuto di materiali sostenibili<\/h2>\n<p>CS ha di recente avviato una collaborazione con una societ\u00e0 veneta leader mondiale nella ricerca e nella produzione di materiali sostenibili prodotti con fibre vegetali non pi\u00f9 utilizzabili per l\u2019alimentazione animale o umana o per altri usi primari, e che possono essere inglobati in matrici polimeriche di origine rinnovabile, da riciclo o vergine. Questa famiglia di nuovi biopolimeri \u00e8 al centro di molti nuovi progetti che CS sta implementando grazie alla sinergia tra il suo Team Design e Tecnico e i suoi clienti pi\u00f9 sensibili alle tematiche ambientali e pi\u00f9 pronti a condividere innovazioni relative ai seguenti punti focali:<\/p>\n<ul>\n<li>Ridurre la componente plastica nei manufatti<\/li>\n<li>Nobilitare gli scarti vegetali<\/li>\n<li>Riutilizzare i rifiuti plastici<\/li>\n<li>Sostituire i polimeri di derivazione fossile con biopolimeri ricavati da biomasse<\/li>\n<li>Instaurare una piattaforma collaborativa tra aziende proattive nell\u2019economia circolare<\/li>\n<li>Misurare con precisione la Carbon Footprint al fine di fornire ai nostri clienti un elemento oggettivo e certificato di confronto<\/li>\n<\/ul>\n[\/vc_column_text][\/vc_column][\/vc_row][vc_row type=&#8221;full_width_background&#8221; full_screen_row_position=&#8221;middle&#8221; bg_image=&#8221;9654&#8243; background_image_mobile_hidden=&#8221;true&#8221; bg_position=&#8221;right bottom&#8221; bg_repeat=&#8221;no-repeat&#8221; bg_color=&#8221;#dee2e3&#8243; scene_position=&#8221;center&#8221; text_color=&#8221;dark&#8221; text_align=&#8221;left&#8221; top_padding=&#8221;40&#8243; bottom_padding=&#8221;40&#8243; class=&#8221;alberi&#8221; id=&#8221;schiuma2&#8243; overlay_strength=&#8221;0.3&#8243;][vc_column column_padding=&#8221;no-extra-padding&#8221; column_padding_position=&#8221;all&#8221; background_color_opacity=&#8221;1&#8243; background_hover_color_opacity=&#8221;1&#8243; width=&#8221;1\/1&#8243; tablet_text_alignment=&#8221;default&#8221; phone_text_alignment=&#8221;default&#8221;][vc_column_text]\n<h2>Riduzione della nostra impronta sull\u2019ambiente<\/h2>\n<p>La Commissione Europea sta valutando un\u2019estensione del campo di applicazione della Direttiva sulla progettazione ecocompatibile al maggior numero possibile di prodotti sintetici. Tenendo presente questa prospettiva, CS ha avviato la progettazione di alcuni manufatti che possono assicurare uno smaltimento pi\u00f9 semplice e sicuro e che consentono di separare i diversi componenti, rendendone pi\u00f9 agevole e virtuoso il riciclo una volta arrivati a fine vita.[\/vc_column_text][\/vc_column][\/vc_row][vc_row type=&#8221;full_width_background&#8221; full_screen_row_position=&#8221;middle&#8221; scene_position=&#8221;center&#8221; text_color=&#8221;dark&#8221; text_align=&#8221;left&#8221; top_padding=&#8221;40&#8243; bottom_padding=&#8221;40&#8243; id=&#8221;schiuma2&#8243; overlay_strength=&#8221;0.3&#8243;][vc_column column_padding=&#8221;no-extra-padding&#8221; column_padding_position=&#8221;all&#8221; background_color_opacity=&#8221;1&#8243; background_hover_color_opacity=&#8221;1&#8243; width=&#8221;1\/1&#8243; tablet_text_alignment=&#8221;default&#8221; phone_text_alignment=&#8221;default&#8221;]<div class=\"iwithtext\"><div class=\"iwt-icon\"> <img decoding=\"async\" src=\"https:\/\/www.cs-lab.it\/wp-content\/uploads\/2021\/06\/icon_world.svg\" alt=\"\" \/> <\/div><div class=\"iwt-text\"> \n<h3>Riciclo degli imballaggi<\/h3>\n<p>Entro il 2030 l\u2019Unione Europea vuole inoltre rendere obbligatoria la circolazione all\u2019interno dei suoi confini dei soli imballaggi riutilizzabili o riciclabili in modo sostenibile.<br \/>\nA tale scopo, CS collabora ormai da diversi anni con alcuni dei suoi clienti per riutilizzare sia gli imballi in cartone sia i materiali da imballaggio in genere, impiegandoli per forniture multiple.<\/p>\n<p>CS si impegna altresi\u0300 a limitare l\u2019uso di materiali da imballaggio prediligendo quelli riciclabili. <\/div><div class=\"clear\"><\/div><\/div><div class=\"iwithtext\"><div class=\"iwt-icon\"> <img decoding=\"async\" src=\"https:\/\/www.cs-lab.it\/wp-content\/uploads\/2021\/06\/icon_hand_world.svg\" alt=\"\" \/> <\/div><div class=\"iwt-text\"> \n<h3>Prodotti invenduti e fuori specifica: meno rifiuti piu\u0300 valore<\/h3>\n<p>La riduzione degli scarti in fase produttiva genera valore per l\u2019azienda e per l\u2019ambiente. Per questo motivo CS ha compiuto notevoli sforzi per ridurre gli scarti durante le varie fasi di produzione e finissaggio. Anche la riparazione di piccole imperfezioni contribuisce a ridurre i rifiuti. CS collabora inoltre con partner esterni per recuperare i manufatti fuori specifica o rimasti invenduti. <\/div><div class=\"clear\"><\/div><\/div>[\/vc_column][\/vc_row][vc_row type=&#8221;in_container&#8221; full_screen_row_position=&#8221;middle&#8221; scene_position=&#8221;center&#8221; text_color=&#8221;dark&#8221; text_align=&#8221;left&#8221; overlay_strength=&#8221;0.3&#8243;][vc_column column_padding=&#8221;no-extra-padding&#8221; column_padding_position=&#8221;all&#8221; background_color_opacity=&#8221;1&#8243; background_hover_color_opacity=&#8221;1&#8243; width=&#8221;1\/1&#8243; tablet_text_alignment=&#8221;default&#8221; phone_text_alignment=&#8221;default&#8221;][vc_video link=&#8221;https:\/\/youtu.be\/Lk4T8VNoplQ&#8221; align=&#8221;center&#8221;][\/vc_column][\/vc_row]\n","protected":false},"excerpt":{"rendered":"<p>[vc_row type=&#8221;full_width_background&#8221; full_screen_row_position=&#8221;middle&#8221; scene_position=&#8221;center&#8221; text_color=&#8221;dark&#8221; text_align=&#8221;left&#8221; top_padding=&#8221;40&#8243; bottom_padding=&#8221;40&#8243; id=&#8221;schiuma2&#8243; overlay_strength=&#8221;0.3&#8243;][vc_column column_padding=&#8221;no-extra-padding&#8221; column_padding_position=&#8221;all&#8221; background_color_opacity=&#8221;1&#8243; background_hover_color_opacity=&#8221;1&#8243; width=&#8221;1\/1&#8243; tablet_text_alignment=&#8221;default&#8221; phone_text_alignment=&#8221;default&#8221;][vc_column_text] La salvaguardia dell\u2019ambiente \u00e8 un tema molto caro a CS In veste di&#8230;<\/p>\n","protected":false},"author":1,"featured_media":0,"parent":0,"menu_order":0,"comment_status":"closed","ping_status":"closed","template":"","meta":{"inline_featured_image":false,"footnotes":""},"class_list":["post-9588","page","type-page","status-publish","hentry"],"yoast_head":"<!-- This site is optimized with the Yoast SEO plugin v26.4 - https:\/\/yoast.com\/wordpress\/plugins\/seo\/ -->\n<title>Ambiente - CS Lab<\/title>\n<meta name=\"robots\" content=\"index, follow, max-snippet:-1, max-image-preview:large, max-video-preview:-1\" \/>\n<link rel=\"canonical\" href=\"https:\/\/www.cs-lab.it\/ambiente\/\" \/>\n<meta property=\"og:locale\" content=\"it_IT\" \/>\n<meta property=\"og:type\" content=\"article\" \/>\n<meta property=\"og:title\" content=\"Ambiente - CS Lab\" \/>\n<meta property=\"og:description\" content=\"[vc_row type=&#8221;full_width_background&#8221; full_screen_row_position=&#8221;middle&#8221; scene_position=&#8221;center&#8221; text_color=&#8221;dark&#8221; text_align=&#8221;left&#8221; top_padding=&#8221;40&#8243; bottom_padding=&#8221;40&#8243; id=&#8221;schiuma2&#8243; overlay_strength=&#8221;0.3&#8243;][vc_column column_padding=&#8221;no-extra-padding&#8221; column_padding_position=&#8221;all&#8221; background_color_opacity=&#8221;1&#8243; background_hover_color_opacity=&#8221;1&#8243; width=&#8221;1\/1&#8243; tablet_text_alignment=&#8221;default&#8221; phone_text_alignment=&#8221;default&#8221;][vc_column_text] La salvaguardia dell\u2019ambiente \u00e8 un tema molto caro a CS In veste di...\" \/>\n<meta property=\"og:url\" content=\"https:\/\/www.cs-lab.it\/ambiente\/\" \/>\n<meta property=\"og:site_name\" content=\"CS Lab\" \/>\n<meta property=\"article:modified_time\" content=\"2021-09-08T07:38:47+00:00\" \/>\n<meta name=\"twitter:card\" content=\"summary_large_image\" \/>\n<meta name=\"twitter:label1\" content=\"Tempo di lettura stimato\" \/>\n\t<meta name=\"twitter:data1\" content=\"6 minuti\" \/>\n<script type=\"application\/ld+json\" class=\"yoast-schema-graph\">{\"@context\":\"https:\/\/schema.org\",\"@graph\":[{\"@type\":\"WebPage\",\"@id\":\"https:\/\/www.cs-lab.it\/ambiente\/\",\"url\":\"https:\/\/www.cs-lab.it\/ambiente\/\",\"name\":\"Ambiente - CS Lab\",\"isPartOf\":{\"@id\":\"https:\/\/www.cs-lab.it\/#website\"},\"datePublished\":\"2021-06-25T08:36:51+00:00\",\"dateModified\":\"2021-09-08T07:38:47+00:00\",\"breadcrumb\":{\"@id\":\"https:\/\/www.cs-lab.it\/ambiente\/#breadcrumb\"},\"inLanguage\":\"it-IT\",\"potentialAction\":[{\"@type\":\"ReadAction\",\"target\":[\"https:\/\/www.cs-lab.it\/ambiente\/\"]}]},{\"@type\":\"BreadcrumbList\",\"@id\":\"https:\/\/www.cs-lab.it\/ambiente\/#breadcrumb\",\"itemListElement\":[{\"@type\":\"ListItem\",\"position\":1,\"name\":\"Home\",\"item\":\"https:\/\/www.cs-lab.it\/it\/\"},{\"@type\":\"ListItem\",\"position\":2,\"name\":\"Ambiente\"}]},{\"@type\":\"WebSite\",\"@id\":\"https:\/\/www.cs-lab.it\/#website\",\"url\":\"https:\/\/www.cs-lab.it\/\",\"name\":\"CS Lab\",\"description\":\"Stampaggio di poliuretano fin dal 1998\",\"potentialAction\":[{\"@type\":\"SearchAction\",\"target\":{\"@type\":\"EntryPoint\",\"urlTemplate\":\"https:\/\/www.cs-lab.it\/?s={search_term_string}\"},\"query-input\":{\"@type\":\"PropertyValueSpecification\",\"valueRequired\":true,\"valueName\":\"search_term_string\"}}],\"inLanguage\":\"it-IT\"}]}<\/script>\n<!-- \/ Yoast SEO plugin. -->","yoast_head_json":{"title":"Ambiente - CS Lab","robots":{"index":"index","follow":"follow","max-snippet":"max-snippet:-1","max-image-preview":"max-image-preview:large","max-video-preview":"max-video-preview:-1"},"canonical":"https:\/\/www.cs-lab.it\/ambiente\/","og_locale":"it_IT","og_type":"article","og_title":"Ambiente - CS Lab","og_description":"[vc_row type=&#8221;full_width_background&#8221; full_screen_row_position=&#8221;middle&#8221; scene_position=&#8221;center&#8221; text_color=&#8221;dark&#8221; text_align=&#8221;left&#8221; top_padding=&#8221;40&#8243; bottom_padding=&#8221;40&#8243; id=&#8221;schiuma2&#8243; overlay_strength=&#8221;0.3&#8243;][vc_column column_padding=&#8221;no-extra-padding&#8221; column_padding_position=&#8221;all&#8221; background_color_opacity=&#8221;1&#8243; background_hover_color_opacity=&#8221;1&#8243; width=&#8221;1\/1&#8243; tablet_text_alignment=&#8221;default&#8221; phone_text_alignment=&#8221;default&#8221;][vc_column_text] La salvaguardia dell\u2019ambiente \u00e8 un tema molto caro a CS In veste di...","og_url":"https:\/\/www.cs-lab.it\/ambiente\/","og_site_name":"CS Lab","article_modified_time":"2021-09-08T07:38:47+00:00","twitter_card":"summary_large_image","twitter_misc":{"Tempo di lettura stimato":"6 minuti"},"schema":{"@context":"https:\/\/schema.org","@graph":[{"@type":"WebPage","@id":"https:\/\/www.cs-lab.it\/ambiente\/","url":"https:\/\/www.cs-lab.it\/ambiente\/","name":"Ambiente - CS Lab","isPartOf":{"@id":"https:\/\/www.cs-lab.it\/#website"},"datePublished":"2021-06-25T08:36:51+00:00","dateModified":"2021-09-08T07:38:47+00:00","breadcrumb":{"@id":"https:\/\/www.cs-lab.it\/ambiente\/#breadcrumb"},"inLanguage":"it-IT","potentialAction":[{"@type":"ReadAction","target":["https:\/\/www.cs-lab.it\/ambiente\/"]}]},{"@type":"BreadcrumbList","@id":"https:\/\/www.cs-lab.it\/ambiente\/#breadcrumb","itemListElement":[{"@type":"ListItem","position":1,"name":"Home","item":"https:\/\/www.cs-lab.it\/it\/"},{"@type":"ListItem","position":2,"name":"Ambiente"}]},{"@type":"WebSite","@id":"https:\/\/www.cs-lab.it\/#website","url":"https:\/\/www.cs-lab.it\/","name":"CS Lab","description":"Stampaggio di poliuretano fin dal 1998","potentialAction":[{"@type":"SearchAction","target":{"@type":"EntryPoint","urlTemplate":"https:\/\/www.cs-lab.it\/?s={search_term_string}"},"query-input":{"@type":"PropertyValueSpecification","valueRequired":true,"valueName":"search_term_string"}}],"inLanguage":"it-IT"}]}},"_links":{"self":[{"href":"https:\/\/www.cs-lab.it\/it\/wp-json\/wp\/v2\/pages\/9588","targetHints":{"allow":["GET"]}}],"collection":[{"href":"https:\/\/www.cs-lab.it\/it\/wp-json\/wp\/v2\/pages"}],"about":[{"href":"https:\/\/www.cs-lab.it\/it\/wp-json\/wp\/v2\/types\/page"}],"author":[{"embeddable":true,"href":"https:\/\/www.cs-lab.it\/it\/wp-json\/wp\/v2\/users\/1"}],"replies":[{"embeddable":true,"href":"https:\/\/www.cs-lab.it\/it\/wp-json\/wp\/v2\/comments?post=9588"}],"version-history":[{"count":43,"href":"https:\/\/www.cs-lab.it\/it\/wp-json\/wp\/v2\/pages\/9588\/revisions"}],"predecessor-version":[{"id":10636,"href":"https:\/\/www.cs-lab.it\/it\/wp-json\/wp\/v2\/pages\/9588\/revisions\/10636"}],"wp:attachment":[{"href":"https:\/\/www.cs-lab.it\/it\/wp-json\/wp\/v2\/media?parent=9588"}],"curies":[{"name":"wp","href":"https:\/\/api.w.org\/{rel}","templated":true}]}}