{"id":5694,"date":"2019-05-14T16:04:56","date_gmt":"2019-05-14T14:04:56","guid":{"rendered":"https:\/\/www.cs-lab.it\/?page_id=5694\/"},"modified":"2019-09-16T17:46:42","modified_gmt":"2019-09-16T15:46:42","slug":"poliuterano-rigido","status":"publish","type":"page","link":"https:\/\/www.cs-lab.it\/it\/materiali\/poliuterano-rigido\/","title":{"rendered":"Poliuretano rigido"},"content":{"rendered":"[vc_row type=&#8221;in_container&#8221; full_screen_row_position=&#8221;middle&#8221; scene_position=&#8221;center&#8221; text_color=&#8221;dark&#8221; text_align=&#8221;left&#8221; overlay_strength=&#8221;0.3&#8243;][vc_column enable_animation=&#8221;true&#8221; animation=&#8221;fade-in-from-left&#8221; column_padding=&#8221;no-extra-padding&#8221; column_padding_position=&#8221;all&#8221; background_color_opacity=&#8221;1&#8243; background_hover_color_opacity=&#8221;1&#8243; width=&#8221;1\/2&#8243; tablet_text_alignment=&#8221;default&#8221; phone_text_alignment=&#8221;default&#8221; delay=&#8221;600&#8243;]<div class=\"img-with-aniamtion-wrap \" data-max-width=\"100%\"><div class=\"inner\"><img decoding=\"async\" data-shadow=\"none\" data-shadow-direction=\"middle\" class=\"img-with-animation \" data-delay=\"0\" height=\"100%\" width=\"100%\" data-animation=\"fade-in\" src=\"https:\/\/www.cs-lab.it\/wp-content\/uploads\/2016\/09\/06_MG_9004-1_MOD_3.jpg\" alt=\"\" \/><\/div><\/div>[\/vc_column][vc_column enable_animation=&#8221;true&#8221; animation=&#8221;fade-in&#8221; column_padding=&#8221;no-extra-padding&#8221; column_padding_position=&#8221;all&#8221; background_color_opacity=&#8221;1&#8243; background_hover_color_opacity=&#8221;1&#8243; width=&#8221;1\/2&#8243; tablet_text_alignment=&#8221;default&#8221; phone_text_alignment=&#8221;default&#8221; delay=&#8221;200&#8243;][vc_row_inner text_align=&#8221;left&#8221;][vc_column_inner enable_animation=&#8221;true&#8221; animation=&#8221;fade-in&#8221; column_padding=&#8221;no-extra-padding&#8221; column_padding_position=&#8221;all&#8221; background_color_opacity=&#8221;1&#8243; width=&#8221;1\/1&#8243; delay=&#8221;200&#8243;][vc_column_text]\n<h2><span style=\"color: #bd1e2c;\">Poliuretano rigido<\/span><\/h2>\n[\/vc_column_text][\/vc_column_inner][\/vc_row_inner][vc_row_inner text_align=&#8221;left&#8221;][vc_column_inner enable_animation=&#8221;true&#8221; animation=&#8221;fade-in-from-right&#8221; column_padding=&#8221;no-extra-padding&#8221; column_padding_position=&#8221;all&#8221; background_color_opacity=&#8221;1&#8243; width=&#8221;1\/1&#8243; delay=&#8221;600&#8243;]<div class=\"divider-wrap\"><div style=\"height: 70px;\" class=\"divider\"><\/div><\/div>[vc_column_text]<span style=\"color: #808080;\">Il poliuretano rigido \u00e8 un tecnopolimero termoindurente compatto per iniezione in stampi chiusi di resina o alluminio termoregolati, ottenuto mediante la combinazione di due elementi: poliolo ed isocianato. Si tratta di un materiale strutturale (densit\u00e0 variabile da 200 a 1050 gr\/ dm3) dalle elevate prestazioni; risulta particolarmente indicato in quei casi dove sia richiesta ergonomia, compattezza, resistenza meccanica e resistenza all\u2019urto. Le altre caratteristiche sono l\u2019elevato contenuto tecnico ed estetico, alta produttivit\u00e0 e rigidit\u00e0 anche a bassi spessori (3-8 mm), notevole velocit\u00e0 di reazione, cicli di stampaggio brevi. La colorazione \u00e8 data in massa o post stampaggio mediante una fase di verniciatura del pezzo.<\/span>[\/vc_column_text]<div class=\"divider-wrap\"><div style=\"height: 60px;\" class=\"divider\"><\/div><\/div><div class=\"nectar-fancy-ul\" data-list-icon=\"icon-ok\" data-animation=\"false\" data-animation-delay=\"0\" data-color=\"accent-color\"> \n<ul>\n<li data-canvas-width=\"275.72163924540035\"><span style=\"color: #808080;\">Densit\u00e0 di stampaggio 200\u00f71050 gr\/dm3<\/span><\/li>\n<li data-canvas-width=\"220.30568376498738\"><span style=\"color: #808080;\">Spessori ottimali 3\u00f750 mm<\/span><\/li>\n<li data-canvas-width=\"100.15690032384593\"><span style=\"color: #808080;\">Elevata rigidit\u00e0<\/span><\/li>\n<li data-canvas-width=\"136.93968389907877\"><span style=\"color: #808080;\">Buona resistenza meccanica<\/span><\/li>\n<li data-canvas-width=\"283.61098565612053\"><span style=\"color: #808080;\">Ritiro da 0,6 a 1.5<\/span><\/li>\n<li data-canvas-width=\"283.61098565612053\"><span style=\"color: #808080;\">Stampaggio ad alta pressione<\/span><\/li>\n<\/ul>\n <\/div>[nectar_btn size=&#8221;medium&#8221; open_new_tab=&#8221;true&#8221; button_style=&#8221;see-through-2&#8243; hover_text_color_override=&#8221;#ffffff&#8221; icon_family=&#8221;fontawesome&#8221; url=&#8221;https:\/\/www.cs-lab.it\/wp-content\/uploads\/2019\/09\/POLIURETANO_RIGIDO_scheda_tecnica.pdf&#8221; text=&#8221;SCHEDA TECNICA&#8221;][\/vc_column_inner][\/vc_row_inner][\/vc_column][\/vc_row][vc_row type=&#8221;in_container&#8221; full_screen_row_position=&#8221;middle&#8221; scene_position=&#8221;center&#8221; text_color=&#8221;dark&#8221; text_align=&#8221;left&#8221; overlay_strength=&#8221;0.3&#8243;][vc_column centered_text=&#8221;true&#8221; column_padding=&#8221;no-extra-padding&#8221; column_padding_position=&#8221;all&#8221; background_color_opacity=&#8221;1&#8243; background_hover_color_opacity=&#8221;1&#8243; width=&#8221;1\/1&#8243; tablet_text_alignment=&#8221;default&#8221; phone_text_alignment=&#8221;default&#8221;]<div class=\"divider-wrap\"><div style=\"margin-top: 25px; height: 2px; margin-bottom: 25px;\" data-width=\"100%\" data-animate=\"yes\" data-animation-delay=\"200\" data-color=\"extra-color-2\" class=\"divider-border\"><\/div><\/div>[\/vc_column][\/vc_row][vc_row type=&#8221;in_container&#8221; full_screen_row_position=&#8221;middle&#8221; scene_position=&#8221;center&#8221; text_color=&#8221;dark&#8221; text_align=&#8221;left&#8221; overlay_strength=&#8221;0.3&#8243;][vc_column boxed=&#8221;true&#8221; column_padding=&#8221;no-extra-padding&#8221; column_padding_position=&#8221;all&#8221; background_color_opacity=&#8221;1&#8243; background_hover_color_opacity=&#8221;1&#8243; width=&#8221;1\/6&#8243; tablet_text_alignment=&#8221;default&#8221; phone_text_alignment=&#8221;default&#8221; column_link=&#8221;https:\/\/www.cs-lab.it\/materiali\/poliuretano-flessibile\/&#8221;]<div class=\"img-with-aniamtion-wrap \" data-max-width=\"100%\"><div class=\"inner\"><img decoding=\"async\" data-shadow=\"none\" data-shadow-direction=\"middle\" class=\"img-with-animation \" data-delay=\"0\" height=\"100%\" width=\"100%\" data-animation=\"fade-in\" src=\"https:\/\/www.cs-lab.it\/wp-content\/uploads\/2016\/09\/MG_7617_NON_LAVORATA_3.2.jpg\" alt=\"\" \/><\/div><\/div>[vc_column_text]\n<h5 style=\"text-align: left;\"><span style=\"color: #808080;\">\u00a0 \u00a0Poliuretano flessibile<\/span><\/h5>\n[\/vc_column_text][\/vc_column][vc_column boxed=&#8221;true&#8221; column_padding=&#8221;no-extra-padding&#8221; column_padding_position=&#8221;all&#8221; background_color_opacity=&#8221;1&#8243; background_hover_color_opacity=&#8221;1&#8243; width=&#8221;1\/6&#8243; tablet_text_alignment=&#8221;default&#8221; phone_text_alignment=&#8221;default&#8221; column_link=&#8221;https:\/\/www.cs-lab.it\/materiali\/poliuretano-integrale-2\/&#8221;]<div class=\"img-with-aniamtion-wrap \" data-max-width=\"100%\"><div class=\"inner\"><a href=\"https:\/\/www.cs-lab.it\/materiali\/poliuretano-integrale-2\/\" target=\"_self\" class=\"\"><img decoding=\"async\" data-shadow=\"none\" data-shadow-direction=\"middle\" class=\"img-with-animation \" data-delay=\"0\" height=\"100%\" width=\"100%\" data-animation=\"none\" src=\"https:\/\/www.cs-lab.it\/wp-content\/uploads\/2016\/09\/PU_integrale_02_MOD_2.jpg\" alt=\"\" \/><\/a><\/div><\/div>[vc_column_text]\n<h5 style=\"text-align: left;\"><span style=\"color: #808080;\">\u00a0 \u00a0Poliuretano\u00a0<\/span><span style=\"color: #808080;\">integrale\u00a0<\/span><\/h5>\n[\/vc_column_text][\/vc_column][vc_column boxed=&#8221;true&#8221; column_padding=&#8221;no-extra-padding&#8221; column_padding_position=&#8221;all&#8221; background_color_opacity=&#8221;1&#8243; background_hover_color_opacity=&#8221;1&#8243; width=&#8221;1\/6&#8243; tablet_text_alignment=&#8221;default&#8221; phone_text_alignment=&#8221;default&#8221; column_link=&#8221;https:\/\/www.cs-lab.it\/materiali\/gel-poliuretanico\/&#8221;]<div class=\"img-with-aniamtion-wrap \" data-max-width=\"100%\"><div class=\"inner\"><img decoding=\"async\" data-shadow=\"none\" data-shadow-direction=\"middle\" class=\"img-with-animation \" data-delay=\"0\" height=\"100%\" width=\"100%\" data-animation=\"fade-in\" src=\"https:\/\/www.cs-lab.it\/wp-content\/uploads\/2016\/09\/05_MG_8937-1_MOD_2-1.jpg\" alt=\"\" \/><\/div><\/div>[vc_column_text]\n<h5 style=\"text-align: left;\"><span style=\"color: #808080;\">\u00a0 \u00a0Gel poliuretanico<\/span><\/h5>\n[\/vc_column_text][\/vc_column][vc_column boxed=&#8221;true&#8221; column_padding=&#8221;no-extra-padding&#8221; column_padding_position=&#8221;all&#8221; background_color_opacity=&#8221;1&#8243; background_hover_color_opacity=&#8221;1&#8243; width=&#8221;1\/6&#8243; tablet_text_alignment=&#8221;default&#8221; phone_text_alignment=&#8221;default&#8221; column_link=&#8221;https:\/\/www.cs-lab.it\/materiali\/elastec\/&#8221;]<div class=\"img-with-aniamtion-wrap \" data-max-width=\"100%\"><div class=\"inner\"><img decoding=\"async\" data-shadow=\"none\" data-shadow-direction=\"middle\" class=\"img-with-animation \" data-delay=\"0\" height=\"100%\" width=\"100%\" data-animation=\"fade-in\" src=\"https:\/\/www.cs-lab.it\/wp-content\/uploads\/2016\/09\/02_MG_8950-1_MOD_2.jpg\" alt=\"\" \/><\/div><\/div>[vc_column_text]\n<h5 style=\"text-align: left;\"><span style=\"color: #808080;\">\u00a0 \u00a0Elastec<\/span><\/h5>\n[\/vc_column_text][\/vc_column][vc_column boxed=&#8221;true&#8221; column_padding=&#8221;no-extra-padding&#8221; column_padding_position=&#8221;all&#8221; background_color_opacity=&#8221;1&#8243; background_hover_color_opacity=&#8221;1&#8243; width=&#8221;1\/6&#8243; tablet_text_alignment=&#8221;default&#8221; phone_text_alignment=&#8221;default&#8221; column_link=&#8221;https:\/\/www.cs-lab.it\/materiali\/starlux\/&#8221;]<div class=\"img-with-aniamtion-wrap \" data-max-width=\"100%\"><div class=\"inner\"><img decoding=\"async\" data-shadow=\"none\" data-shadow-direction=\"middle\" class=\"img-with-animation \" data-delay=\"0\" height=\"100%\" width=\"100%\" data-animation=\"fade-in\" src=\"https:\/\/www.cs-lab.it\/wp-content\/uploads\/2016\/09\/03_MG_8986-1_MOD_2.jpg\" alt=\"\" \/><\/div><\/div>[vc_column_text]\n<h5 style=\"text-align: left;\"><span style=\"color: #808080;\">\u00a0 \u00a0Starlux<\/span><\/h5>\n[\/vc_column_text][\/vc_column][\/vc_row][vc_row type=&#8221;in_container&#8221; full_screen_row_position=&#8221;middle&#8221; scene_position=&#8221;center&#8221; text_color=&#8221;dark&#8221; text_align=&#8221;left&#8221; overlay_strength=&#8221;0.3&#8243;][vc_column column_padding=&#8221;no-extra-padding&#8221; column_padding_position=&#8221;all&#8221; background_color_opacity=&#8221;1&#8243; background_hover_color_opacity=&#8221;1&#8243; width=&#8221;1\/1&#8243; tablet_text_alignment=&#8221;default&#8221; phone_text_alignment=&#8221;default&#8221;][vc_column_text]\n<h3 style=\"text-align: center;\"><\/h3>\n[\/vc_column_text][\/vc_column][\/vc_row][vc_row type=&#8221;in_container&#8221; full_screen_row_position=&#8221;middle&#8221; scene_position=&#8221;center&#8221; text_color=&#8221;dark&#8221; text_align=&#8221;left&#8221; overlay_strength=&#8221;0.3&#8243;][vc_column column_padding=&#8221;no-extra-padding&#8221; column_padding_position=&#8221;all&#8221; background_color_opacity=&#8221;1&#8243; background_hover_color_opacity=&#8221;1&#8243; width=&#8221;1\/1&#8243; tablet_text_alignment=&#8221;default&#8221; phone_text_alignment=&#8221;default&#8221;][vc_column_text]\n<h3 style=\"text-align: center;\"><\/h3>\n[\/vc_column_text][\/vc_column][\/vc_row]\n","protected":false},"excerpt":{"rendered":"<p>[vc_row type=&#8221;in_container&#8221; full_screen_row_position=&#8221;middle&#8221; scene_position=&#8221;center&#8221; text_color=&#8221;dark&#8221; text_align=&#8221;left&#8221; overlay_strength=&#8221;0.3&#8243;][vc_column enable_animation=&#8221;true&#8221; animation=&#8221;fade-in-from-left&#8221; column_padding=&#8221;no-extra-padding&#8221; column_padding_position=&#8221;all&#8221; background_color_opacity=&#8221;1&#8243; background_hover_color_opacity=&#8221;1&#8243; width=&#8221;1\/2&#8243; tablet_text_alignment=&#8221;default&#8221; phone_text_alignment=&#8221;default&#8221; delay=&#8221;600&#8243;][\/vc_column][vc_column enable_animation=&#8221;true&#8221; animation=&#8221;fade-in&#8221; column_padding=&#8221;no-extra-padding&#8221; column_padding_position=&#8221;all&#8221; background_color_opacity=&#8221;1&#8243; background_hover_color_opacity=&#8221;1&#8243; width=&#8221;1\/2&#8243; tablet_text_alignment=&#8221;default&#8221; phone_text_alignment=&#8221;default&#8221; delay=&#8221;200&#8243;][vc_row_inner text_align=&#8221;left&#8221;][vc_column_inner enable_animation=&#8221;true&#8221; animation=&#8221;fade-in&#8221;&#8230;<\/p>\n","protected":false},"author":4,"featured_media":5488,"parent":301,"menu_order":0,"comment_status":"closed","ping_status":"closed","template":"","meta":{"inline_featured_image":false,"footnotes":""},"class_list":["post-5694","page","type-page","status-publish","has-post-thumbnail","hentry"],"yoast_head":"<!-- This site is optimized with the Yoast SEO plugin v26.4 - https:\/\/yoast.com\/wordpress\/plugins\/seo\/ -->\n<title>Poliuretano rigido - CS Lab<\/title>\n<meta name=\"robots\" content=\"index, follow, max-snippet:-1, max-image-preview:large, max-video-preview:-1\" \/>\n<link rel=\"canonical\" href=\"https:\/\/www.cs-lab.it\/materiali\/poliuterano-rigido\/\" \/>\n<meta property=\"og:locale\" content=\"it_IT\" \/>\n<meta property=\"og:type\" content=\"article\" \/>\n<meta property=\"og:title\" content=\"Poliuretano rigido - CS Lab\" \/>\n<meta property=\"og:description\" content=\"[vc_row type=&#8221;in_container&#8221; full_screen_row_position=&#8221;middle&#8221; scene_position=&#8221;center&#8221; text_color=&#8221;dark&#8221; text_align=&#8221;left&#8221; overlay_strength=&#8221;0.3&#8243;][vc_column enable_animation=&#8221;true&#8221; animation=&#8221;fade-in-from-left&#8221; column_padding=&#8221;no-extra-padding&#8221; column_padding_position=&#8221;all&#8221; background_color_opacity=&#8221;1&#8243; background_hover_color_opacity=&#8221;1&#8243; width=&#8221;1\/2&#8243; tablet_text_alignment=&#8221;default&#8221; phone_text_alignment=&#8221;default&#8221; delay=&#8221;600&#8243;][\/vc_column][vc_column enable_animation=&#8221;true&#8221; animation=&#8221;fade-in&#8221; column_padding=&#8221;no-extra-padding&#8221; column_padding_position=&#8221;all&#8221; background_color_opacity=&#8221;1&#8243; background_hover_color_opacity=&#8221;1&#8243; width=&#8221;1\/2&#8243; tablet_text_alignment=&#8221;default&#8221; phone_text_alignment=&#8221;default&#8221; delay=&#8221;200&#8243;][vc_row_inner text_align=&#8221;left&#8221;][vc_column_inner enable_animation=&#8221;true&#8221; animation=&#8221;fade-in&#8221;...\" \/>\n<meta property=\"og:url\" content=\"https:\/\/www.cs-lab.it\/materiali\/poliuterano-rigido\/\" \/>\n<meta property=\"og:site_name\" content=\"CS Lab\" \/>\n<meta property=\"article:modified_time\" content=\"2019-09-16T15:46:42+00:00\" \/>\n<meta property=\"og:image\" content=\"https:\/\/www.cs-lab.it\/wp-content\/uploads\/2019\/05\/06_MG_9004-1_MOD_2.jpg\" \/>\n\t<meta property=\"og:image:width\" content=\"1418\" \/>\n\t<meta property=\"og:image:height\" content=\"1418\" \/>\n\t<meta property=\"og:image:type\" content=\"image\/jpeg\" \/>\n<meta name=\"twitter:card\" content=\"summary_large_image\" \/>\n<meta name=\"twitter:label1\" content=\"Tempo di lettura stimato\" \/>\n\t<meta name=\"twitter:data1\" content=\"4 minuti\" \/>\n<script type=\"application\/ld+json\" class=\"yoast-schema-graph\">{\"@context\":\"https:\/\/schema.org\",\"@graph\":[{\"@type\":\"WebPage\",\"@id\":\"https:\/\/www.cs-lab.it\/materiali\/poliuterano-rigido\/\",\"url\":\"https:\/\/www.cs-lab.it\/materiali\/poliuterano-rigido\/\",\"name\":\"Poliuretano rigido - CS Lab\",\"isPartOf\":{\"@id\":\"https:\/\/www.cs-lab.it\/#website\"},\"primaryImageOfPage\":{\"@id\":\"https:\/\/www.cs-lab.it\/materiali\/poliuterano-rigido\/#primaryimage\"},\"image\":{\"@id\":\"https:\/\/www.cs-lab.it\/materiali\/poliuterano-rigido\/#primaryimage\"},\"thumbnailUrl\":\"https:\/\/www.cs-lab.it\/wp-content\/uploads\/2019\/05\/06_MG_9004-1_MOD_2.jpg\",\"datePublished\":\"2019-05-14T14:04:56+00:00\",\"dateModified\":\"2019-09-16T15:46:42+00:00\",\"breadcrumb\":{\"@id\":\"https:\/\/www.cs-lab.it\/materiali\/poliuterano-rigido\/#breadcrumb\"},\"inLanguage\":\"it-IT\",\"potentialAction\":[{\"@type\":\"ReadAction\",\"target\":[\"https:\/\/www.cs-lab.it\/materiali\/poliuterano-rigido\/\"]}]},{\"@type\":\"ImageObject\",\"inLanguage\":\"it-IT\",\"@id\":\"https:\/\/www.cs-lab.it\/materiali\/poliuterano-rigido\/#primaryimage\",\"url\":\"https:\/\/www.cs-lab.it\/wp-content\/uploads\/2019\/05\/06_MG_9004-1_MOD_2.jpg\",\"contentUrl\":\"https:\/\/www.cs-lab.it\/wp-content\/uploads\/2019\/05\/06_MG_9004-1_MOD_2.jpg\",\"width\":1418,\"height\":1418},{\"@type\":\"BreadcrumbList\",\"@id\":\"https:\/\/www.cs-lab.it\/materiali\/poliuterano-rigido\/#breadcrumb\",\"itemListElement\":[{\"@type\":\"ListItem\",\"position\":1,\"name\":\"Home\",\"item\":\"https:\/\/www.cs-lab.it\/it\/\"},{\"@type\":\"ListItem\",\"position\":2,\"name\":\"Materiali\",\"item\":\"https:\/\/www.cs-lab.it\/materiali\/\"},{\"@type\":\"ListItem\",\"position\":3,\"name\":\"Poliuretano rigido\"}]},{\"@type\":\"WebSite\",\"@id\":\"https:\/\/www.cs-lab.it\/#website\",\"url\":\"https:\/\/www.cs-lab.it\/\",\"name\":\"CS Lab\",\"description\":\"Stampaggio di poliuretano fin dal 1998\",\"potentialAction\":[{\"@type\":\"SearchAction\",\"target\":{\"@type\":\"EntryPoint\",\"urlTemplate\":\"https:\/\/www.cs-lab.it\/?s={search_term_string}\"},\"query-input\":{\"@type\":\"PropertyValueSpecification\",\"valueRequired\":true,\"valueName\":\"search_term_string\"}}],\"inLanguage\":\"it-IT\"}]}<\/script>\n<!-- \/ Yoast SEO plugin. -->","yoast_head_json":{"title":"Poliuretano rigido - CS Lab","robots":{"index":"index","follow":"follow","max-snippet":"max-snippet:-1","max-image-preview":"max-image-preview:large","max-video-preview":"max-video-preview:-1"},"canonical":"https:\/\/www.cs-lab.it\/materiali\/poliuterano-rigido\/","og_locale":"it_IT","og_type":"article","og_title":"Poliuretano rigido - CS Lab","og_description":"[vc_row type=&#8221;in_container&#8221; full_screen_row_position=&#8221;middle&#8221; scene_position=&#8221;center&#8221; text_color=&#8221;dark&#8221; text_align=&#8221;left&#8221; overlay_strength=&#8221;0.3&#8243;][vc_column enable_animation=&#8221;true&#8221; animation=&#8221;fade-in-from-left&#8221; column_padding=&#8221;no-extra-padding&#8221; column_padding_position=&#8221;all&#8221; background_color_opacity=&#8221;1&#8243; background_hover_color_opacity=&#8221;1&#8243; width=&#8221;1\/2&#8243; tablet_text_alignment=&#8221;default&#8221; phone_text_alignment=&#8221;default&#8221; delay=&#8221;600&#8243;][\/vc_column][vc_column enable_animation=&#8221;true&#8221; animation=&#8221;fade-in&#8221; column_padding=&#8221;no-extra-padding&#8221; column_padding_position=&#8221;all&#8221; background_color_opacity=&#8221;1&#8243; background_hover_color_opacity=&#8221;1&#8243; width=&#8221;1\/2&#8243; tablet_text_alignment=&#8221;default&#8221; phone_text_alignment=&#8221;default&#8221; delay=&#8221;200&#8243;][vc_row_inner text_align=&#8221;left&#8221;][vc_column_inner enable_animation=&#8221;true&#8221; animation=&#8221;fade-in&#8221;...","og_url":"https:\/\/www.cs-lab.it\/materiali\/poliuterano-rigido\/","og_site_name":"CS Lab","article_modified_time":"2019-09-16T15:46:42+00:00","og_image":[{"width":1418,"height":1418,"url":"https:\/\/www.cs-lab.it\/wp-content\/uploads\/2019\/05\/06_MG_9004-1_MOD_2.jpg","type":"image\/jpeg"}],"twitter_card":"summary_large_image","twitter_misc":{"Tempo di lettura stimato":"4 minuti"},"schema":{"@context":"https:\/\/schema.org","@graph":[{"@type":"WebPage","@id":"https:\/\/www.cs-lab.it\/materiali\/poliuterano-rigido\/","url":"https:\/\/www.cs-lab.it\/materiali\/poliuterano-rigido\/","name":"Poliuretano rigido - CS Lab","isPartOf":{"@id":"https:\/\/www.cs-lab.it\/#website"},"primaryImageOfPage":{"@id":"https:\/\/www.cs-lab.it\/materiali\/poliuterano-rigido\/#primaryimage"},"image":{"@id":"https:\/\/www.cs-lab.it\/materiali\/poliuterano-rigido\/#primaryimage"},"thumbnailUrl":"https:\/\/www.cs-lab.it\/wp-content\/uploads\/2019\/05\/06_MG_9004-1_MOD_2.jpg","datePublished":"2019-05-14T14:04:56+00:00","dateModified":"2019-09-16T15:46:42+00:00","breadcrumb":{"@id":"https:\/\/www.cs-lab.it\/materiali\/poliuterano-rigido\/#breadcrumb"},"inLanguage":"it-IT","potentialAction":[{"@type":"ReadAction","target":["https:\/\/www.cs-lab.it\/materiali\/poliuterano-rigido\/"]}]},{"@type":"ImageObject","inLanguage":"it-IT","@id":"https:\/\/www.cs-lab.it\/materiali\/poliuterano-rigido\/#primaryimage","url":"https:\/\/www.cs-lab.it\/wp-content\/uploads\/2019\/05\/06_MG_9004-1_MOD_2.jpg","contentUrl":"https:\/\/www.cs-lab.it\/wp-content\/uploads\/2019\/05\/06_MG_9004-1_MOD_2.jpg","width":1418,"height":1418},{"@type":"BreadcrumbList","@id":"https:\/\/www.cs-lab.it\/materiali\/poliuterano-rigido\/#breadcrumb","itemListElement":[{"@type":"ListItem","position":1,"name":"Home","item":"https:\/\/www.cs-lab.it\/it\/"},{"@type":"ListItem","position":2,"name":"Materiali","item":"https:\/\/www.cs-lab.it\/materiali\/"},{"@type":"ListItem","position":3,"name":"Poliuretano rigido"}]},{"@type":"WebSite","@id":"https:\/\/www.cs-lab.it\/#website","url":"https:\/\/www.cs-lab.it\/","name":"CS Lab","description":"Stampaggio di poliuretano fin dal 1998","potentialAction":[{"@type":"SearchAction","target":{"@type":"EntryPoint","urlTemplate":"https:\/\/www.cs-lab.it\/?s={search_term_string}"},"query-input":{"@type":"PropertyValueSpecification","valueRequired":true,"valueName":"search_term_string"}}],"inLanguage":"it-IT"}]}},"_links":{"self":[{"href":"https:\/\/www.cs-lab.it\/it\/wp-json\/wp\/v2\/pages\/5694","targetHints":{"allow":["GET"]}}],"collection":[{"href":"https:\/\/www.cs-lab.it\/it\/wp-json\/wp\/v2\/pages"}],"about":[{"href":"https:\/\/www.cs-lab.it\/it\/wp-json\/wp\/v2\/types\/page"}],"author":[{"embeddable":true,"href":"https:\/\/www.cs-lab.it\/it\/wp-json\/wp\/v2\/users\/4"}],"replies":[{"embeddable":true,"href":"https:\/\/www.cs-lab.it\/it\/wp-json\/wp\/v2\/comments?post=5694"}],"version-history":[{"count":14,"href":"https:\/\/www.cs-lab.it\/it\/wp-json\/wp\/v2\/pages\/5694\/revisions"}],"predecessor-version":[{"id":7030,"href":"https:\/\/www.cs-lab.it\/it\/wp-json\/wp\/v2\/pages\/5694\/revisions\/7030"}],"up":[{"embeddable":true,"href":"https:\/\/www.cs-lab.it\/it\/wp-json\/wp\/v2\/pages\/301"}],"wp:featuredmedia":[{"embeddable":true,"href":"https:\/\/www.cs-lab.it\/it\/wp-json\/wp\/v2\/media\/5488"}],"wp:attachment":[{"href":"https:\/\/www.cs-lab.it\/it\/wp-json\/wp\/v2\/media?parent=5694"}],"curies":[{"name":"wp","href":"https:\/\/api.w.org\/{rel}","templated":true}]}}