{"id":2,"date":"2016-08-30T16:26:27","date_gmt":"2016-08-30T14:26:27","guid":{"rendered":"http:\/\/cs-lab.it\/?page_id=2"},"modified":"2024-11-22T08:42:27","modified_gmt":"2024-11-22T07:42:27","slug":"home","status":"publish","type":"page","link":"https:\/\/www.cs-lab.it\/it\/","title":{"rendered":"Home"},"content":{"rendered":"[vc_row type=&#8221;in_container&#8221; full_screen_row_position=&#8221;middle&#8221; scene_position=&#8221;center&#8221; text_color=&#8221;dark&#8221; text_align=&#8221;left&#8221; top_padding=&#8221;40&#8243; overlay_strength=&#8221;0.3&#8243;][vc_column centered_text=&#8221;true&#8221; column_padding=&#8221;no-extra-padding&#8221; column_padding_position=&#8221;all&#8221; background_color_opacity=&#8221;1&#8243; background_hover_color_opacity=&#8221;1&#8243; width=&#8221;1\/1&#8243; tablet_text_alignment=&#8221;default&#8221; phone_text_alignment=&#8221;default&#8221;][nectar_animated_title heading_tag=&#8221;h2&#8243; style=&#8221;color-strip-reveal&#8221; color=&#8221;Extra-Color-3&#8243; text_color=&#8221;#bd1e2c&#8221; text=&#8221;Stampaggio di poliuretano fin dal 1998.&#8221;][\/vc_column][\/vc_row][vc_row type=&#8221;in_container&#8221; full_screen_row_position=&#8221;middle&#8221; scene_position=&#8221;center&#8221; text_color=&#8221;dark&#8221; text_align=&#8221;left&#8221; overlay_strength=&#8221;0.3&#8243;][vc_column enable_animation=&#8221;true&#8221; animation=&#8221;none&#8221; centered_text=&#8221;true&#8221; column_padding=&#8221;no-extra-padding&#8221; column_padding_position=&#8221;all&#8221; background_color_opacity=&#8221;1&#8243; background_hover_color_opacity=&#8221;1&#8243; width=&#8221;1\/2&#8243; tablet_text_alignment=&#8221;default&#8221; phone_text_alignment=&#8221;default&#8221; delay=&#8221;2000&#8243;]<div class=\"divider-wrap\"><div style=\"height: 20px;\" class=\"divider\"><\/div><\/div><div class=\"img-with-aniamtion-wrap center\" data-max-width=\"100%\"><div class=\"inner\"><img decoding=\"async\" data-shadow=\"none\" data-shadow-direction=\"middle\" class=\"img-with-animation \" data-delay=\"0\" height=\"100%\" width=\"100%\" data-animation=\"fade-in\" src=\"https:\/\/www.cs-lab.it\/wp-content\/uploads\/2017\/05\/Gif2.gif\" alt=\"\" \/><\/div><\/div>[\/vc_column][vc_column column_padding=&#8221;no-extra-padding&#8221; column_padding_position=&#8221;all&#8221; background_color_opacity=&#8221;1&#8243; background_hover_color_opacity=&#8221;1&#8243; width=&#8221;1\/2&#8243; tablet_text_alignment=&#8221;default&#8221; phone_text_alignment=&#8221;default&#8221;][vc_row_inner text_align=&#8221;left&#8221;][vc_column_inner column_padding=&#8221;no-extra-padding&#8221; column_padding_position=&#8221;all&#8221; background_color_opacity=&#8221;1&#8243; width=&#8221;1\/6&#8243;][\/vc_column_inner][vc_column_inner column_padding=&#8221;no-extra-padding&#8221; column_padding_position=&#8221;all&#8221; background_color_opacity=&#8221;1&#8243; width=&#8221;5\/6&#8243;][split_line_heading]<span style=\"color: #808080;\"><a href=\"https:\/\/www.cs-lab.it\/azienda\/\">CS<\/a> \u00e8, prima di tutto, un laboratorio dove le idee e le forme diventano prodotti in poliuretano, un materiale che pu\u00f2 essere declinato in diverse consistenze per avere un risultato finale pi\u00f9 o meno morbido. Realizziamo\u00a0prodotti per i clienti in svariati settori, da quello sportivo all&#8217;arredamento, dal settore parrucchieri a quello della nautica.<\/span>[\/split_line_heading][\/vc_column_inner][\/vc_row_inner][\/vc_column][\/vc_row][vc_row type=&#8221;in_container&#8221; full_screen_row_position=&#8221;middle&#8221; scene_position=&#8221;center&#8221; text_color=&#8221;dark&#8221; text_align=&#8221;left&#8221; overlay_strength=&#8221;0.3&#8243;][vc_column column_padding=&#8221;no-extra-padding&#8221; column_padding_position=&#8221;all&#8221; background_color_opacity=&#8221;1&#8243; background_hover_color_opacity=&#8221;1&#8243; width=&#8221;1\/1&#8243; tablet_text_alignment=&#8221;default&#8221; phone_text_alignment=&#8221;default&#8221;][vc_column_text]<a style=\"margin: 0; color: transparent; display: inline-block; margin-bottom: -85px; width: 100%;\" href=\"\/ambiente\" target=\"_self\">[\/vc_column_text][\/vc_column][\/vc_row][vc_row type=&#8221;in_container&#8221; full_screen_row_position=&#8221;middle&#8221; bg_image=&#8221;16186&#8243; bg_position=&#8221;center center&#8221; bg_repeat=&#8221;no-repeat&#8221; scene_position=&#8221;center&#8221; text_color=&#8221;dark&#8221; text_align=&#8221;center&#8221; id=&#8221;cont-bvideo&#8221; overlay_strength=&#8221;0.3&#8243;][vc_column column_padding=&#8221;no-extra-padding&#8221; column_padding_position=&#8221;all&#8221; background_color_opacity=&#8221;1&#8243; background_hover_color_opacity=&#8221;1&#8243; width=&#8221;1\/1&#8243; tablet_text_alignment=&#8221;default&#8221; phone_text_alignment=&#8221;default&#8221;][vc_raw_html]JTNDZGl2JTIwY2xhc3MlM0QlMjJjb250LW1lcy12aWRlbyUyMiUzRSUwQSUzQ2gyJTNFQ1MlMjBlJTIwR2VlbGxpJTNBJTNDYnIlM0VVbmElMjBzdG9yaWElMjBmYXR0YSUyMGRpJTIwcGVyc29uZSUzQyUyRmgyJTNFJTIwJTBBJTBBJTNDZGl2JTIwY2xhc3MlM0QlMjJidXQtdmlkZW8lMjIlM0UlM0NhJTIwaHJlZiUzRCUyMiUyRmF6aWVuZGElMjIlM0VHdWFyZGElMjBpbCUyMHZpZGVvJTNDJTJGYSUzRSUzQyUyRmRpdiUzRSUwQSUzQyUyRmRpdiUzRSUwQSUzQ3N0eWxlJTNFJTBBJTIzY29udC1idmlkZW8lMjAlN0IlMEFtYXJnaW4tdG9wJTNBMzBweCUyMCUyMWltcG9ydGFudCUzQiUwQW1hcmdpbi1ib3R0b20lM0EzMHB4JTIwJTIxaW1wb3J0YW50JTNCJTBBbWFyZ2luLWxlZnQlM0ExMCUyNSUyMCUyMWltcG9ydGFudCUzQiUwQW1hcmdpbi1yaWdodCUzQTEwJTI1JTIwJTIxaW1wb3J0YW50JTNCJTBBbWluLWhlaWdodCUzQTYwMHB4JTNCJTBBJTdEJTBBJTBBJTBBLmNvbnQtbWVzLXZpZGVvJTIwJTdCJTBBdGV4dC1hbGlnbiUzQWNlbnRlciUyMCUyMWltcG9ydGFudCUzQiUwQXBhZGRpbmclM0EyMHB4JTIwJTIxaW1wb3J0YW50JTNCJTBBbWFyZ2luLXRvcCUzQTE1NXB4JTIwJTIxaW1wb3J0YW50JTNCJTBBJTdEJTBBLmNvbnQtbWVzLXZpZGVvJTIwaDIlN0IlMEFmb250LXNpemUlM0E0NXB4JTIwJTIxaW1wb3J0YW50JTNCJTBBZm9udC13ZWlnaHQlM0E0MDAlMjAlMjFpbXBvcnRhbnQlM0IlMEFjb2xvciUzQSUyM2JkMWUyYyUyMCUyMWltcG9ydGFudCUzQiUwQSUwQSU3RCUwQS5idXQtdmlkZW8lMjAlN0IlMEFjb2xvciUzQSUyMHdoaXRlJTIwJTIxaW1wb3J0YW50JTNCJTBBcGFkZGluZyUzQTEwcHglMjAyMHB4JTIwJTIxaW1wb3J0YW50JTNCJTBBdGV4dC1hbGlnbiUzQWNlbnRlciUyMCUyMWltcG9ydGFudCUzQiUwQWRpc3BsYXklM0FpbmxpbmUtYmxvY2slMjAlMjFpbXBvcnRhbnQlM0IlMEFtYXJnaW4lM0EyMHB4JTIwYXV0byUyMCUyMWltcG9ydGFudCUzQiUwQWJhY2tncm91bmQlM0ElMjMyNTI1MjUlMjFpbXBvcnRhbnQlM0IlMEElN0QlMEEuYnV0LXZpZGVvJTIwYSU3QiUwQWNvbG9yJTNBJTIwJTIzZmZmJTIwJTIxaW1wb3J0YW50JTNCJTBBJTBBJTdEJTBBJTBBJTIzY29udC1idmlkZW8lMjAuYnV0LXZpZGVvJTIwYSUzQWhvdmVyJTIwJTdCJTBBY29sb3IlM0ElMjAlMjNiZDFlMmMlMjAlMjFpbXBvcnRhbnQlM0IlMEElN0QlMEElMEEuYnV0LXZpZGVvJTIwYSUzQWhvdmVyJTdCJTBBY29sb3IlM0ElMjAlMjNiZDFlMmMlMjAlMjFpbXBvcnRhbnQlM0IlMEFiYWNrZ3JvdW5kJTNBJTIzZmVmZWZlJTIwJTIxaW1wb3J0YW50JTNCJTBBJTBBJTdEJTBBLmJ1dC12aWRlbyUzQWhvdmVyJTdCJTBBY29sb3IlM0ElMjAlMjNiZDFlMmMlMjAlMjFpbXBvcnRhbnQlM0IlMEFiYWNrZ3JvdW5kJTNBJTIzZmVmZWZlJTIwJTIxaW1wb3J0YW50JTNCJTBBJTdEJTBBJTQwbWVkaWElMjAlMjhtYXgtd2lkdGglM0E3NjhweCUyOSUyMCU3QiUwQSUyM2NvbnQtYnZpZGVvJTIwJTdCJTBBbWFyZ2luLWxlZnQlM0F1bnNldCUyMCUyMWltcG9ydGFudCUzQiUwQW1hcmdpbi1yaWdodCUzQXVuc2V0JTIwJTIxaW1wb3J0YW50JTNCJTBBbWluLWhlaWdodCUzQTYwMHB4JTNCJTBBJTdEJTBBJTBBLmNvbnQtbWVzLXZpZGVvJTIwaDIlN0IlMEFmb250LXNpemUlM0EzM3B4JTIwJTIxaW1wb3J0YW50JTNCJTBBJTBBJTdEJTBBJTdEJTIwJTBBJTBBJTNDJTJGc3R5bGUlM0U=[\/vc_raw_html][\/vc_column][\/vc_row][vc_row type=&#8221;in_container&#8221; full_screen_row_position=&#8221;middle&#8221; scene_position=&#8221;center&#8221; text_color=&#8221;dark&#8221; text_align=&#8221;left&#8221; id=&#8221;ambiente-home&#8221; overlay_strength=&#8221;0.3&#8243;][vc_column column_padding=&#8221;no-extra-padding&#8221; column_padding_position=&#8221;all&#8221; background_color_opacity=&#8221;1&#8243; background_hover_color_opacity=&#8221;1&#8243; width=&#8221;1\/1&#8243; tablet_text_alignment=&#8221;default&#8221; phone_text_alignment=&#8221;default&#8221;]<div style=\"height: 650px\"  data-transition=\"slide\" data-overall_style=\"classic\" data-flexible-height=\"\" data-animate-in-effect=\"none\" data-fullscreen=\"false\" data-button-sizing=\"regular\" data-button-styling=\"btn_with_count\" data-autorotate=\"\" data-parallax=\"false\" data-full-width=\"true\" class=\"nectar-slider-wrap \" id=\"ns-id-69da5094c8382\">\r\n\t\t\t<div style=\"height: 650px\" class=\"swiper-container\"  data-tho=\"auto\" data-tco=\"auto\" data-pho=\"auto\" data-pco=\"auto\" data-loop=\"false\" data-height=\"650\" data-min-height=\"\" data-arrows=\"false\" data-bullets=\"false\" data-bullet_style=\"see_through\" data-desktop-swipe=\"false\" data-settings=\"\">\r\n\t\t\t\t    <div class=\"swiper-wrapper\"><div class=\"swiper-slide\" data-bg-alignment=\"center\" data-color-scheme=\"light\" data-x-pos=\"centered\" data-y-pos=\"bottom\"> \r\n\t\t\t\t\t\t\t\t<div class=\"image-bg\" style=\"background-image: url(https:\/\/www.cs-lab.it\/wp-content\/uploads\/2021\/06\/ambiente.jpg);\"> &nbsp; <\/div><div class=\"container\">\r\n\t\t\t\t\t\t\t\t\t<div class=\"content\"><p  ><span>RIDUZIONE DELL'IMPRONTA AMBIENTALE: L'IMPEGNO DI CS<\/span><\/p><\/div>\r\n\t\t\t\t\t\t\t\t<\/div><!--\/container--><div class=\"video-texture \"> <span class=\"ie-fix\"><\/span> <\/div><\/div><!--\/swiper-slide--><\/div><div class=\"nectar-slider-loading \"> <span class=\"loading-icon none\">   <\/span> <\/div> <\/div> \r\n\t\t\t\t\r\n\t\t\t<\/div>[\/vc_column][\/vc_row][vc_row type=&#8221;in_container&#8221; full_screen_row_position=&#8221;middle&#8221; scene_position=&#8221;center&#8221; text_color=&#8221;dark&#8221; text_align=&#8221;left&#8221; overlay_strength=&#8221;0.3&#8243;][vc_column column_padding=&#8221;no-extra-padding&#8221; column_padding_position=&#8221;all&#8221; background_color_opacity=&#8221;1&#8243; background_hover_color_opacity=&#8221;1&#8243; width=&#8221;1\/1&#8243; tablet_text_alignment=&#8221;default&#8221; phone_text_alignment=&#8221;default&#8221;][vc_column_text]<\/a>[\/vc_column_text][\/vc_column][\/vc_row]\n","protected":false},"excerpt":{"rendered":"<p>[vc_row type=&#8221;in_container&#8221; full_screen_row_position=&#8221;middle&#8221; scene_position=&#8221;center&#8221; text_color=&#8221;dark&#8221; text_align=&#8221;left&#8221; top_padding=&#8221;40&#8243; overlay_strength=&#8221;0.3&#8243;][vc_column centered_text=&#8221;true&#8221; column_padding=&#8221;no-extra-padding&#8221; column_padding_position=&#8221;all&#8221; background_color_opacity=&#8221;1&#8243; background_hover_color_opacity=&#8221;1&#8243; width=&#8221;1\/1&#8243; tablet_text_alignment=&#8221;default&#8221; phone_text_alignment=&#8221;default&#8221;][nectar_animated_title heading_tag=&#8221;h2&#8243; style=&#8221;color-strip-reveal&#8221; color=&#8221;Extra-Color-3&#8243; text_color=&#8221;#bd1e2c&#8221; text=&#8221;Stampaggio di poliuretano fin dal 1998.&#8221;][\/vc_column][\/vc_row][vc_row type=&#8221;in_container&#8221; full_screen_row_position=&#8221;middle&#8221; scene_position=&#8221;center&#8221; text_color=&#8221;dark&#8221;&#8230;<\/p>\n","protected":false},"author":1,"featured_media":0,"parent":0,"menu_order":0,"comment_status":"closed","ping_status":"open","template":"","meta":{"inline_featured_image":false,"footnotes":""},"class_list":["post-2","page","type-page","status-publish","hentry"],"yoast_head":"<!-- This site is optimized with the Yoast SEO plugin v26.4 - https:\/\/yoast.com\/wordpress\/plugins\/seo\/ -->\n<title>Prodotti in poliuretano<\/title>\n<meta name=\"description\" content=\"Laboratorio di prodotti in poliuretano, un materiale che pu\u00f2 essere declinato in diverse ambiti: sportivo, arredamento, parrucchieri o nautica.\" \/>\n<meta name=\"robots\" content=\"index, follow, max-snippet:-1, max-image-preview:large, max-video-preview:-1\" \/>\n<link rel=\"canonical\" href=\"https:\/\/www.cs-lab.it\/it\/\" \/>\n<meta property=\"og:locale\" content=\"it_IT\" \/>\n<meta property=\"og:type\" content=\"article\" \/>\n<meta property=\"og:title\" content=\"Prodotti in poliuretano\" \/>\n<meta property=\"og:description\" content=\"Laboratorio di prodotti in poliuretano, un materiale che pu\u00f2 essere declinato in diverse ambiti: sportivo, arredamento, parrucchieri o nautica.\" \/>\n<meta property=\"og:url\" content=\"https:\/\/www.cs-lab.it\/it\/\" \/>\n<meta property=\"og:site_name\" content=\"CS Lab\" \/>\n<meta property=\"article:modified_time\" content=\"2024-11-22T07:42:27+00:00\" \/>\n<meta name=\"twitter:card\" content=\"summary_large_image\" \/>\n<meta name=\"twitter:label1\" content=\"Tempo di lettura stimato\" \/>\n\t<meta name=\"twitter:data1\" content=\"1 minuto\" \/>\n<script type=\"application\/ld+json\" class=\"yoast-schema-graph\">{\"@context\":\"https:\/\/schema.org\",\"@graph\":[{\"@type\":\"WebPage\",\"@id\":\"https:\/\/www.cs-lab.it\/it\/\",\"url\":\"https:\/\/www.cs-lab.it\/it\/\",\"name\":\"Prodotti in poliuretano\",\"isPartOf\":{\"@id\":\"https:\/\/www.cs-lab.it\/#website\"},\"datePublished\":\"2016-08-30T14:26:27+00:00\",\"dateModified\":\"2024-11-22T07:42:27+00:00\",\"description\":\"Laboratorio di prodotti in poliuretano, un materiale che pu\u00f2 essere declinato in diverse ambiti: sportivo, arredamento, parrucchieri o nautica.\",\"breadcrumb\":{\"@id\":\"https:\/\/www.cs-lab.it\/it\/#breadcrumb\"},\"inLanguage\":\"it-IT\",\"potentialAction\":[{\"@type\":\"ReadAction\",\"target\":[\"https:\/\/www.cs-lab.it\/it\/\"]}]},{\"@type\":\"BreadcrumbList\",\"@id\":\"https:\/\/www.cs-lab.it\/it\/#breadcrumb\",\"itemListElement\":[{\"@type\":\"ListItem\",\"position\":1,\"name\":\"Home\",\"item\":\"https:\/\/www.cs-lab.it\/it\/\"},{\"@type\":\"ListItem\",\"position\":2,\"name\":\"Home\"}]},{\"@type\":\"WebSite\",\"@id\":\"https:\/\/www.cs-lab.it\/#website\",\"url\":\"https:\/\/www.cs-lab.it\/\",\"name\":\"CS Lab\",\"description\":\"Stampaggio di poliuretano fin dal 1998\",\"potentialAction\":[{\"@type\":\"SearchAction\",\"target\":{\"@type\":\"EntryPoint\",\"urlTemplate\":\"https:\/\/www.cs-lab.it\/?s={search_term_string}\"},\"query-input\":{\"@type\":\"PropertyValueSpecification\",\"valueRequired\":true,\"valueName\":\"search_term_string\"}}],\"inLanguage\":\"it-IT\"}]}<\/script>\n<!-- \/ Yoast SEO plugin. -->","yoast_head_json":{"title":"Prodotti in poliuretano","description":"Laboratorio di prodotti in poliuretano, un materiale che pu\u00f2 essere declinato in diverse ambiti: sportivo, arredamento, parrucchieri o nautica.","robots":{"index":"index","follow":"follow","max-snippet":"max-snippet:-1","max-image-preview":"max-image-preview:large","max-video-preview":"max-video-preview:-1"},"canonical":"https:\/\/www.cs-lab.it\/it\/","og_locale":"it_IT","og_type":"article","og_title":"Prodotti in poliuretano","og_description":"Laboratorio di prodotti in poliuretano, un materiale che pu\u00f2 essere declinato in diverse ambiti: sportivo, arredamento, parrucchieri o nautica.","og_url":"https:\/\/www.cs-lab.it\/it\/","og_site_name":"CS Lab","article_modified_time":"2024-11-22T07:42:27+00:00","twitter_card":"summary_large_image","twitter_misc":{"Tempo di lettura stimato":"1 minuto"},"schema":{"@context":"https:\/\/schema.org","@graph":[{"@type":"WebPage","@id":"https:\/\/www.cs-lab.it\/it\/","url":"https:\/\/www.cs-lab.it\/it\/","name":"Prodotti in poliuretano","isPartOf":{"@id":"https:\/\/www.cs-lab.it\/#website"},"datePublished":"2016-08-30T14:26:27+00:00","dateModified":"2024-11-22T07:42:27+00:00","description":"Laboratorio di prodotti in poliuretano, un materiale che pu\u00f2 essere declinato in diverse ambiti: sportivo, arredamento, parrucchieri o nautica.","breadcrumb":{"@id":"https:\/\/www.cs-lab.it\/it\/#breadcrumb"},"inLanguage":"it-IT","potentialAction":[{"@type":"ReadAction","target":["https:\/\/www.cs-lab.it\/it\/"]}]},{"@type":"BreadcrumbList","@id":"https:\/\/www.cs-lab.it\/it\/#breadcrumb","itemListElement":[{"@type":"ListItem","position":1,"name":"Home","item":"https:\/\/www.cs-lab.it\/it\/"},{"@type":"ListItem","position":2,"name":"Home"}]},{"@type":"WebSite","@id":"https:\/\/www.cs-lab.it\/#website","url":"https:\/\/www.cs-lab.it\/","name":"CS Lab","description":"Stampaggio di poliuretano fin dal 1998","potentialAction":[{"@type":"SearchAction","target":{"@type":"EntryPoint","urlTemplate":"https:\/\/www.cs-lab.it\/?s={search_term_string}"},"query-input":{"@type":"PropertyValueSpecification","valueRequired":true,"valueName":"search_term_string"}}],"inLanguage":"it-IT"}]}},"_links":{"self":[{"href":"https:\/\/www.cs-lab.it\/it\/wp-json\/wp\/v2\/pages\/2","targetHints":{"allow":["GET"]}}],"collection":[{"href":"https:\/\/www.cs-lab.it\/it\/wp-json\/wp\/v2\/pages"}],"about":[{"href":"https:\/\/www.cs-lab.it\/it\/wp-json\/wp\/v2\/types\/page"}],"author":[{"embeddable":true,"href":"https:\/\/www.cs-lab.it\/it\/wp-json\/wp\/v2\/users\/1"}],"replies":[{"embeddable":true,"href":"https:\/\/www.cs-lab.it\/it\/wp-json\/wp\/v2\/comments?post=2"}],"version-history":[{"count":155,"href":"https:\/\/www.cs-lab.it\/it\/wp-json\/wp\/v2\/pages\/2\/revisions"}],"predecessor-version":[{"id":16240,"href":"https:\/\/www.cs-lab.it\/it\/wp-json\/wp\/v2\/pages\/2\/revisions\/16240"}],"wp:attachment":[{"href":"https:\/\/www.cs-lab.it\/it\/wp-json\/wp\/v2\/media?parent=2"}],"curies":[{"name":"wp","href":"https:\/\/api.w.org\/{rel}","templated":true}]}}